{"id":746,"date":"2025-02-24T07:20:16","date_gmt":"2025-02-24T06:20:16","guid":{"rendered":"https:\/\/chirurgie-lyss.ch\/a-propos-de-nous\/dr-med-gabriel-uichita\/"},"modified":"2025-07-31T14:26:02","modified_gmt":"2025-07-31T12:26:02","slug":"dr-med-gabriel-uichita","status":"publish","type":"page","link":"https:\/\/chirurgie-lyss.ch\/fr\/a-propos-de-nous\/dr-med-gabriel-uichita\/","title":{"rendered":"Dr. med. Gabriel Uichita"},"content":{"rendered":"\t\t<div data-elementor-type=\"wp-page\" data-elementor-id=\"746\" class=\"elementor elementor-746 elementor-743\" data-elementor-settings=\"{&quot;ha_cmc_init_switcher&quot;:&quot;no&quot;}\" data-elementor-post-type=\"page\">\n\t\t\t\t\t\t<section class=\"elementor-section elementor-top-section elementor-element elementor-element-7fa37bf elementor-section-boxed elementor-section-height-default elementor-section-height-default elementor-invisible\" data-id=\"7fa37bf\" data-element_type=\"section\" data-e-type=\"section\" data-settings=\"{&quot;background_background&quot;:&quot;classic&quot;,&quot;animation&quot;:&quot;fadeInUp&quot;,&quot;jet_parallax_layout_list&quot;:[],&quot;_ha_eqh_enable&quot;:false}\">\n\t\t\t\t\t\t<div class=\"elementor-container elementor-column-gap-default\">\n\t\t\t\t\t<div class=\"elementor-column elementor-col-100 elementor-top-column elementor-element elementor-element-28db7ba\" data-id=\"28db7ba\" data-element_type=\"column\" data-e-type=\"column\">\n\t\t\t<div class=\"elementor-widget-wrap elementor-element-populated\">\n\t\t\t\t\t\t<div class=\"elementor-element elementor-element-cf7ac53 elementor-widget elementor-widget-heading\" data-id=\"cf7ac53\" data-element_type=\"widget\" data-e-type=\"widget\" data-widget_type=\"heading.default\">\n\t\t\t\t<div class=\"elementor-widget-container\">\n\t\t\t\t\t<h1 class=\"elementor-heading-title elementor-size-default\">Dr. med. Gabriel Uichita<\/h1>\t\t\t\t<\/div>\n\t\t\t\t<\/div>\n\t\t\t\t\t<\/div>\n\t\t<\/div>\n\t\t\t\t\t<\/div>\n\t\t<\/section>\n\t\t<div class=\"elementor-element elementor-element-d2c35fc e-flex e-con-boxed e-con e-parent\" data-id=\"d2c35fc\" data-element_type=\"container\" data-e-type=\"container\" data-settings=\"{&quot;jet_parallax_layout_list&quot;:[],&quot;_ha_eqh_enable&quot;:false}\">\n\t\t\t\t\t<div class=\"e-con-inner\">\n\t\t<div class=\"elementor-element elementor-element-c3e424d e-con-full e-flex elementor-invisible e-con e-child\" data-id=\"c3e424d\" data-element_type=\"container\" data-e-type=\"container\" data-settings=\"{&quot;background_background&quot;:&quot;classic&quot;,&quot;jet_parallax_layout_list&quot;:[],&quot;animation&quot;:&quot;fadeInRight&quot;,&quot;animation_delay&quot;:500,&quot;_ha_eqh_enable&quot;:false}\">\n\t\t\t\t<div class=\"elementor-element elementor-element-0c7c603 elementor-widget elementor-widget-image\" data-id=\"0c7c603\" data-element_type=\"widget\" data-e-type=\"widget\" data-widget_type=\"image.default\">\n\t\t\t\t<div class=\"elementor-widget-container\">\n\t\t\t\t\t\t\t\t\t\t\t\t\t\t\t<img fetchpriority=\"high\" decoding=\"async\" width=\"762\" height=\"681\" src=\"https:\/\/chirurgie-lyss.ch\/wp-content\/uploads\/2025\/02\/Uichita.png\" class=\"attachment-full size-full wp-image-748\" alt=\"Dr. med. Gabriel Uichita\" srcset=\"https:\/\/chirurgie-lyss.ch\/wp-content\/uploads\/2025\/02\/Uichita.png 762w, https:\/\/chirurgie-lyss.ch\/wp-content\/uploads\/2025\/02\/Uichita-300x268.png 300w\" sizes=\"(max-width: 762px) 100vw, 762px\" \/>\t\t\t\t\t\t\t\t\t\t\t\t\t\t\t<\/div>\n\t\t\t\t<\/div>\n\t\t\t\t<\/div>\n\t\t<div class=\"elementor-element elementor-element-c94e960 e-con-full e-flex e-con e-child\" data-id=\"c94e960\" data-element_type=\"container\" data-e-type=\"container\" data-settings=\"{&quot;jet_parallax_layout_list&quot;:[],&quot;_ha_eqh_enable&quot;:false}\">\n\t\t\t\t<div class=\"elementor-element elementor-element-3f58c7f elementor-widget elementor-widget-text-editor\" data-id=\"3f58c7f\" data-element_type=\"widget\" data-e-type=\"widget\" data-widget_type=\"text-editor.default\">\n\t\t\t\t<div class=\"elementor-widget-container\">\n\t\t\t\t\t\t\t\t\t<p>Apr\u00e8s de nombreuses ann\u00e9es d&rsquo;exp\u00e9rience en chirurgie g\u00e9n\u00e9rale et visc\u00e9rale, je propose les traitements suivants :<\/p><ul><li><p>Traitement des maladies aigu\u00ebs et chroniques<\/p><\/li><li><p>Examen de contr\u00f4le avec laboratoire<\/p><\/li><li><p>Conseil en diab\u00e9tologie<\/p><\/li><li><p>ECG, perfusions, injections, vaccinations<\/p><\/li><li><p>Premi\u00e8re d\u00e9livrance de m\u00e9dicaments<\/p><\/li><li><p>Consultation g\u00e9riatrique  <\/p><\/li><li><p>Grand laboratoire interne<\/p><\/li><li><p>Radiographie interne<\/p><\/li><li><p>M\u00e9decine de voyage avec conseils sur les vaccinations<\/p><\/li><li><p>Contr\u00f4le m\u00e9dical du trafic \/ examen d&rsquo;aptitude \u00e0 la conduite (MFK, niveau 1)<\/p><\/li><li><p>en collaboration avec des cardiologues, ECG 24h\/24, mesure de la pression art\u00e9rielle 24h\/24<\/p><\/li><\/ul>\t\t\t\t\t\t\t\t<\/div>\n\t\t\t\t<\/div>\n\t\t\t\t<\/div>\n\t\t\t\t\t<\/div>\n\t\t\t\t<\/div>\n\t\t\t\t<section class=\"elementor-section elementor-top-section elementor-element elementor-element-c0cdfeb elementor-section-content-middle elementor-section-boxed elementor-section-height-default elementor-section-height-default\" data-id=\"c0cdfeb\" data-element_type=\"section\" data-e-type=\"section\" data-settings=\"{&quot;background_background&quot;:&quot;classic&quot;,&quot;jet_parallax_layout_list&quot;:[],&quot;_ha_eqh_enable&quot;:false}\">\n\t\t\t\t\t\t<div class=\"elementor-container elementor-column-gap-default\">\n\t\t\t\t\t<div class=\"elementor-column elementor-col-50 elementor-top-column elementor-element elementor-element-6fc5ce2\" data-id=\"6fc5ce2\" data-element_type=\"column\" data-e-type=\"column\">\n\t\t\t<div class=\"elementor-widget-wrap elementor-element-populated\">\n\t\t\t\t\t\t<div class=\"elementor-element elementor-element-7811fda elementor-invisible elementor-widget elementor-widget-heading\" data-id=\"7811fda\" data-element_type=\"widget\" data-e-type=\"widget\" data-settings=\"{&quot;_animation&quot;:&quot;fadeInUp&quot;}\" data-widget_type=\"heading.default\">\n\t\t\t\t<div class=\"elementor-widget-container\">\n\t\t\t\t\t<h3 class=\"elementor-heading-title elementor-size-default\">Ce que disent nos patients<\/h3>\t\t\t\t<\/div>\n\t\t\t\t<\/div>\n\t\t\t\t<div class=\"elementor-element elementor-element-d3bb858 elementor-invisible elementor-widget elementor-widget-text-editor\" data-id=\"d3bb858\" data-element_type=\"widget\" data-e-type=\"widget\" data-settings=\"{&quot;_animation&quot;:&quot;fadeInUp&quot;,&quot;_animation_delay&quot;:100}\" data-widget_type=\"text-editor.default\">\n\t\t\t\t<div class=\"elementor-widget-container\">\n\t\t\t\t\t\t\t\t\t<p>Transparent et sans complaisance.<br>Remarque : les \u00e9valuations figurant sur cette page proviennent directement de notre fiche Google publique. Ils sont automatiquement int\u00e9gr\u00e9s et correspondent aux opinions personnelles de leurs auteurs.<\/p>\t\t\t\t\t\t\t\t<\/div>\n\t\t\t\t<\/div>\n\t\t\t\t\t<\/div>\n\t\t<\/div>\n\t\t\t\t<div class=\"elementor-column elementor-col-50 elementor-top-column elementor-element elementor-element-58a44be\" data-id=\"58a44be\" data-element_type=\"column\" data-e-type=\"column\">\n\t\t\t<div class=\"elementor-widget-wrap elementor-element-populated\">\n\t\t\t\t\t\t<div class=\"elementor-element elementor-element-c373a49 elementor-widget elementor-widget-shortcode\" data-id=\"c373a49\" data-element_type=\"widget\" data-e-type=\"widget\" data-widget_type=\"shortcode.default\">\n\t\t\t\t<div class=\"elementor-widget-container\">\n\t\t\t\t\t\t\t<div class=\"elementor-shortcode\">\r\n<\/div>\n\t\t\t\t\t\t<\/div>\n\t\t\t\t<\/div>\n\t\t\t\t<div class=\"elementor-element elementor-element-9e64f40 elementor-widget__width-auto elementor-absolute elementor-invisible elementor-widget elementor-widget-image\" data-id=\"9e64f40\" data-element_type=\"widget\" data-e-type=\"widget\" data-settings=\"{&quot;_animation&quot;:&quot;fadeInLeft&quot;,&quot;_animation_delay&quot;:600,&quot;_position&quot;:&quot;absolute&quot;}\" data-widget_type=\"image.default\">\n\t\t\t\t<div class=\"elementor-widget-container\">\n\t\t\t\t\t\t\t\t\t\t\t\t\t\t\t<img decoding=\"async\" width=\"154\" height=\"155\" src=\"https:\/\/chirurgie-lyss.ch\/wp-content\/uploads\/2024\/02\/square-dots.png\" class=\"attachment-full size-full wp-image-351\" alt=\"\" srcset=\"https:\/\/chirurgie-lyss.ch\/wp-content\/uploads\/2024\/02\/square-dots.png 154w, https:\/\/chirurgie-lyss.ch\/wp-content\/uploads\/2024\/02\/square-dots-150x150.png 150w\" sizes=\"(max-width: 154px) 100vw, 154px\" \/>\t\t\t\t\t\t\t\t\t\t\t\t\t\t\t<\/div>\n\t\t\t\t<\/div>\n\t\t\t\t\t<\/div>\n\t\t<\/div>\n\t\t\t\t\t<\/div>\n\t\t<\/section>\n\t\t\t\t<\/div>\n\t\t","protected":false},"excerpt":{"rendered":"<p>Apr\u00e8s de nombreuses ann\u00e9es d&rsquo;exp\u00e9rience en chirurgie g\u00e9n\u00e9rale et visc\u00e9rale, je propose les traitements suivants : Traitement des maladies aigu\u00ebs et chroniques Examen de contr\u00f4le avec laboratoire Conseil en diab\u00e9tologie ECG, perfusions, injections, vaccinations Premi\u00e8re d\u00e9livrance de m\u00e9dicaments Consultation g\u00e9riatrique Grand laboratoire interne Radiographie interne M\u00e9decine de voyage avec conseils sur les vaccinations Contr\u00f4le m\u00e9dical [&hellip;]<\/p>\n","protected":false},"author":1,"featured_media":0,"parent":408,"menu_order":4,"comment_status":"closed","ping_status":"closed","template":"","meta":{"footnotes":""},"class_list":["post-746","page","type-page","status-publish","hentry"],"_links":{"self":[{"href":"https:\/\/chirurgie-lyss.ch\/fr\/wp-json\/wp\/v2\/pages\/746","targetHints":{"allow":["GET"]}}],"collection":[{"href":"https:\/\/chirurgie-lyss.ch\/fr\/wp-json\/wp\/v2\/pages"}],"about":[{"href":"https:\/\/chirurgie-lyss.ch\/fr\/wp-json\/wp\/v2\/types\/page"}],"author":[{"embeddable":true,"href":"https:\/\/chirurgie-lyss.ch\/fr\/wp-json\/wp\/v2\/users\/1"}],"replies":[{"embeddable":true,"href":"https:\/\/chirurgie-lyss.ch\/fr\/wp-json\/wp\/v2\/comments?post=746"}],"version-history":[{"count":3,"href":"https:\/\/chirurgie-lyss.ch\/fr\/wp-json\/wp\/v2\/pages\/746\/revisions"}],"predecessor-version":[{"id":797,"href":"https:\/\/chirurgie-lyss.ch\/fr\/wp-json\/wp\/v2\/pages\/746\/revisions\/797"}],"up":[{"embeddable":true,"href":"https:\/\/chirurgie-lyss.ch\/fr\/wp-json\/wp\/v2\/pages\/408"}],"wp:attachment":[{"href":"https:\/\/chirurgie-lyss.ch\/fr\/wp-json\/wp\/v2\/media?parent=746"}],"curies":[{"name":"wp","href":"https:\/\/api.w.org\/{rel}","templated":true}]}}