{"id":411,"date":"2024-02-14T09:56:03","date_gmt":"2024-02-14T08:56:03","guid":{"rendered":"https:\/\/chirurgie.webtrics.ch\/a-propos-de-nous\/dr-med-karl-geissbuehler\/"},"modified":"2025-07-31T14:25:11","modified_gmt":"2025-07-31T12:25:11","slug":"dr-med-karl-geissbuehler","status":"publish","type":"page","link":"https:\/\/chirurgie-lyss.ch\/fr\/a-propos-de-nous\/dr-med-karl-geissbuehler\/","title":{"rendered":"Dr. med. Karl Geissb\u00fchler"},"content":{"rendered":"\t\t<div data-elementor-type=\"wp-page\" data-elementor-id=\"411\" class=\"elementor elementor-411 elementor-247\" data-elementor-settings=\"{&quot;ha_cmc_init_switcher&quot;:&quot;no&quot;}\" data-elementor-post-type=\"page\">\n\t\t\t\t\t\t<section class=\"elementor-section elementor-top-section elementor-element elementor-element-76574424 elementor-section-boxed elementor-section-height-default elementor-section-height-default elementor-invisible\" data-id=\"76574424\" data-element_type=\"section\" data-e-type=\"section\" data-settings=\"{&quot;background_background&quot;:&quot;classic&quot;,&quot;animation&quot;:&quot;fadeInUp&quot;,&quot;jet_parallax_layout_list&quot;:[],&quot;_ha_eqh_enable&quot;:false}\">\n\t\t\t\t\t\t<div class=\"elementor-container elementor-column-gap-default\">\n\t\t\t\t\t<div class=\"elementor-column elementor-col-100 elementor-top-column elementor-element elementor-element-1c492f4a\" data-id=\"1c492f4a\" data-element_type=\"column\" data-e-type=\"column\">\n\t\t\t<div class=\"elementor-widget-wrap elementor-element-populated\">\n\t\t\t\t\t\t<div class=\"elementor-element elementor-element-474473dc elementor-widget elementor-widget-heading\" data-id=\"474473dc\" data-element_type=\"widget\" data-e-type=\"widget\" data-widget_type=\"heading.default\">\n\t\t\t\t<div class=\"elementor-widget-container\">\n\t\t\t\t\t<h1 class=\"elementor-heading-title elementor-size-default\">Dr. med. Karl Geissb\u00fchler<\/h1>\t\t\t\t<\/div>\n\t\t\t\t<\/div>\n\t\t\t\t\t<\/div>\n\t\t<\/div>\n\t\t\t\t\t<\/div>\n\t\t<\/section>\n\t\t<div class=\"elementor-element elementor-element-4e0334a e-flex e-con-boxed e-con e-parent\" data-id=\"4e0334a\" data-element_type=\"container\" data-e-type=\"container\" data-settings=\"{&quot;jet_parallax_layout_list&quot;:[],&quot;_ha_eqh_enable&quot;:false}\">\n\t\t\t\t\t<div class=\"e-con-inner\">\n\t\t<div class=\"elementor-element elementor-element-f2225e1 e-con-full e-flex elementor-invisible e-con e-child\" data-id=\"f2225e1\" data-element_type=\"container\" data-e-type=\"container\" data-settings=\"{&quot;background_background&quot;:&quot;classic&quot;,&quot;jet_parallax_layout_list&quot;:[],&quot;animation&quot;:&quot;fadeInRight&quot;,&quot;animation_delay&quot;:500,&quot;_ha_eqh_enable&quot;:false}\">\n\t\t\t\t<div class=\"elementor-element elementor-element-ea68772 elementor-widget elementor-widget-image\" data-id=\"ea68772\" data-element_type=\"widget\" data-e-type=\"widget\" data-widget_type=\"image.default\">\n\t\t\t\t<div class=\"elementor-widget-container\">\n\t\t\t\t\t\t\t\t\t\t\t\t\t\t\t<img fetchpriority=\"high\" decoding=\"async\" width=\"642\" height=\"615\" src=\"https:\/\/chirurgie-lyss.ch\/wp-content\/uploads\/2024\/02\/dr-med-karl-geissbuehler.png\" class=\"attachment-full size-full wp-image-403\" alt=\"\" srcset=\"https:\/\/chirurgie-lyss.ch\/wp-content\/uploads\/2024\/02\/dr-med-karl-geissbuehler.png 642w, https:\/\/chirurgie-lyss.ch\/wp-content\/uploads\/2024\/02\/dr-med-karl-geissbuehler-300x287.png 300w\" sizes=\"(max-width: 642px) 100vw, 642px\" \/>\t\t\t\t\t\t\t\t\t\t\t\t\t\t\t<\/div>\n\t\t\t\t<\/div>\n\t\t\t\t<\/div>\n\t\t<div class=\"elementor-element elementor-element-638067b e-con-full e-flex e-con e-child\" data-id=\"638067b\" data-element_type=\"container\" data-e-type=\"container\" data-settings=\"{&quot;jet_parallax_layout_list&quot;:[],&quot;_ha_eqh_enable&quot;:false}\">\n\t\t\t\t<div class=\"elementor-element elementor-element-a8cdb51 elementor-widget elementor-widget-text-editor\" data-id=\"a8cdb51\" data-element_type=\"widget\" data-e-type=\"widget\" data-widget_type=\"text-editor.default\">\n\t\t\t\t<div class=\"elementor-widget-container\">\n\t\t\t\t\t\t\t\t\t<p>Gr\u00e2ce \u00e0 ma large formation chirurgicale conform\u00e9ment au titre de formation approfondie \u00ab\u00a0Chirurgie g\u00e9n\u00e9rale et traumatologique\u00a0\u00bb, je propose des traitements pour les maladies suivantes :<\/p><ul><li>Hernies inguinales et cicatricielles<\/li><li>Appendicite<\/li><li>V\u00e9sicule biliaire<\/li><li>Maladies intestinales (chirurgie du c\u00f4lon pour cancer et diverticulite)<\/li><li>H\u00e9morro\u00efdes<\/li><li>Veines variqueuses<\/li><li>jambes ouvertes<\/li><li>Op\u00e9rations de la main et des doigts (syndrome du canal carpien, doigt \u00e0 ressort)<\/li><li>\u00c9limination des tumeurs cutan\u00e9es, verrues, lipomes, etc.<\/li><li>Correction de cicatrices<\/li><li>Enl\u00e8vement de tatouages<\/li><li>Correction des clous d&rsquo;oreille<\/li><li><a href=\"https:\/\/chirurgie-lyss.ch\/medizinische-informationen\/vasektomie\/\" target=\"\" data-cke-saved-href=\"\/vasektomie.shtml\">vasectomie (= ligature des trompes chez l&rsquo;homme)<\/a> <strong>\n  <em>sans piq\u00fbre et sans scalpel !<\/em>\n<\/strong><\/li><\/ul>\t\t\t\t\t\t\t\t<\/div>\n\t\t\t\t<\/div>\n\t\t\t\t<\/div>\n\t\t\t\t\t<\/div>\n\t\t\t\t<\/div>\n\t\t<div class=\"elementor-element elementor-element-2f622a8 e-flex e-con-boxed e-con e-parent\" data-id=\"2f622a8\" data-element_type=\"container\" data-e-type=\"container\" data-settings=\"{&quot;jet_parallax_layout_list&quot;:[],&quot;_ha_eqh_enable&quot;:false}\">\n\t\t\t\t\t<div class=\"e-con-inner\">\n\t\t\t\t<div class=\"elementor-element elementor-element-de58cf8 elementor-widget elementor-widget-text-editor\" data-id=\"de58cf8\" data-element_type=\"widget\" data-e-type=\"widget\" data-widget_type=\"text-editor.default\">\n\t\t\t\t<div class=\"elementor-widget-container\">\n\t\t\t\t\t\t\t\t\t<p><strong><u>Je me suis sp\u00e9cialis\u00e9e dans les traitements suivants :<\/u><\/strong><\/p>\n<p><b>Hernie inguinale<\/b><br>Je pr\u00e9f\u00e8re \u00eatre op\u00e9r\u00e9 apr\u00e8s&nbsp;<strong>Lichtenstein<\/strong>, que j&rsquo;ai apprise directement aupr\u00e8s de son \u00ab\u00a0inventeur\u00a0\u00bb, le Lichtenstein Hernia Institute de Los Angeles (je suis l&rsquo;auteur d&rsquo;un film p\u00e9dagogique sur cette technique).<br>L&rsquo;op\u00e9ration est possible sous anesth\u00e9sie spinale (voire, dans les cas favorables, sous simple anesth\u00e9sie locale), et la reprise du travail peut se faire tr\u00e8s rapidement apr\u00e8s l&rsquo;op\u00e9ration. La douleur et la fr\u00e9quence des r\u00e9cidives sont moindres qu&rsquo;avec d&rsquo;autres techniques.<br>D&rsquo;autres m\u00e9thodes peuvent bien entendu \u00eatre envisag\u00e9es en fonction des souhaits du patient et de l&rsquo;importance des l\u00e9sions : op\u00e9ration classique sans filet, m\u00e9thode endoscopique.<\/p>\n<p><strong>H\u00e9morro\u00efdes<\/strong><br>Examen au cabinet, op\u00e9ration avec&nbsp;hospitalisation de courte dur\u00e9e (1-2&nbsp;nuits) gr\u00e2ce \u00e0 des m\u00e9thodes chirurgicales modernes (op\u00e9ration de Longo, ligature guid\u00e9e par ultrasons, scl\u00e9rose au laser).<\/p>\n<p><strong>Varices (= varicosit\u00e9s)<\/strong><br>L&rsquo;objectif est de proposer un traitement sur mesure au lieu de la \u00ab\u00a0chirurgie radicale\u00a0\u00bb standardis\u00e9e utilis\u00e9e auparavant. Dans ce but, apr\u00e8s un premier entretien et un premier examen dans le cabinet de Lyss, on commence par un examen subsonique&nbsp;(en r\u00e8gle g\u00e9n\u00e9rale par&nbsp;<a href=\"http:\/\/www.angiopraxis.ch\/\" target=\"_blank\" rel=\"noopener\" data-cke-saved-href=\"http:\/\/www.angiopraxis.ch\">Dr. med. A. von Bodungen<\/a>&nbsp;\u00e0 Bienne ou par Mme PD Dr. J. Ortmann \u00e0&nbsp;Aarberg, sp\u00e9cialistes en maladies vasculaires FMH)&nbsp;a d\u00e9fini le p\u00e9rim\u00e8tre exact de l&rsquo;op\u00e9ration. Cela permet \u00e9galement de r\u00e9pondre \u00e0 l&rsquo;exigence de nombreuses caisses d&rsquo;assurance maladie d&rsquo;un deuxi\u00e8me avis (ou \u00ab\u00a0second opinion\u00a0\u00bb, plus \u00e0 la mode).<br>Un entretien approfondi a ensuite lieu \u00e0 Lyss et, le cas \u00e9ch\u00e9ant, une date d&rsquo;op\u00e9ration est fix\u00e9e \u00e0 l&rsquo;h\u00f4pital d&rsquo;Aarberg ou \u00e0 la clinique priv\u00e9e des Tilleuls.<\/p>\n<p><strong>Chirurgie mineure, traumatologie<\/strong><br>Gr\u00e2ce \u00e0 sa propre salle d&rsquo;op\u00e9ration reconnue, le cabinet m\u00e9dical de Lyss peut pratiquer des interventions mineures (ablation de l\u00e9sions cutan\u00e9es et de lipomes, correction d&rsquo;ongles d&rsquo;orteils, op\u00e9ration d&rsquo;orteils en marteau, op\u00e9ration pour doigt \u00e0 ressaut, op\u00e9ration pour syndrome du canal carpien, <a href=\"https:\/\/chirurgie-lyss.ch\/medizinische-informationen\/vasektomie\/\" target=\"\" data-cke-saved-href=\"\/vasektomie.shtml\">vasectomie<\/a>, etc. etc.)<\/p>\t\t\t\t\t\t\t\t<\/div>\n\t\t\t\t<\/div>\n\t\t\t\t\t<\/div>\n\t\t\t\t<\/div>\n\t\t\t\t<section class=\"elementor-section elementor-top-section elementor-element elementor-element-a4094db elementor-section-content-middle elementor-section-boxed elementor-section-height-default elementor-section-height-default\" data-id=\"a4094db\" data-element_type=\"section\" data-e-type=\"section\" data-settings=\"{&quot;background_background&quot;:&quot;classic&quot;,&quot;jet_parallax_layout_list&quot;:[],&quot;_ha_eqh_enable&quot;:false}\">\n\t\t\t\t\t\t<div class=\"elementor-container elementor-column-gap-default\">\n\t\t\t\t\t<div class=\"elementor-column elementor-col-50 elementor-top-column elementor-element elementor-element-e5e45de\" data-id=\"e5e45de\" data-element_type=\"column\" data-e-type=\"column\">\n\t\t\t<div class=\"elementor-widget-wrap elementor-element-populated\">\n\t\t\t\t\t\t<div class=\"elementor-element elementor-element-719dc46 elementor-invisible elementor-widget elementor-widget-heading\" data-id=\"719dc46\" data-element_type=\"widget\" data-e-type=\"widget\" data-settings=\"{&quot;_animation&quot;:&quot;fadeInUp&quot;}\" data-widget_type=\"heading.default\">\n\t\t\t\t<div class=\"elementor-widget-container\">\n\t\t\t\t\t<h3 class=\"elementor-heading-title elementor-size-default\">Ce que disent nos patients<\/h3>\t\t\t\t<\/div>\n\t\t\t\t<\/div>\n\t\t\t\t<div class=\"elementor-element elementor-element-5759a58 elementor-invisible elementor-widget elementor-widget-text-editor\" data-id=\"5759a58\" data-element_type=\"widget\" data-e-type=\"widget\" data-settings=\"{&quot;_animation&quot;:&quot;fadeInUp&quot;,&quot;_animation_delay&quot;:100}\" data-widget_type=\"text-editor.default\">\n\t\t\t\t<div class=\"elementor-widget-container\">\n\t\t\t\t\t\t\t\t\t<p>Transparent et sans complaisance.<br>Remarque : les \u00e9valuations figurant sur cette page proviennent directement de notre fiche Google publique. Ils sont automatiquement int\u00e9gr\u00e9s et correspondent aux opinions personnelles de leurs auteurs.<\/p>\t\t\t\t\t\t\t\t<\/div>\n\t\t\t\t<\/div>\n\t\t\t\t\t<\/div>\n\t\t<\/div>\n\t\t\t\t<div class=\"elementor-column elementor-col-50 elementor-top-column elementor-element elementor-element-716320a\" data-id=\"716320a\" data-element_type=\"column\" data-e-type=\"column\">\n\t\t\t<div class=\"elementor-widget-wrap elementor-element-populated\">\n\t\t\t\t\t\t<div class=\"elementor-element elementor-element-321edc2 elementor-widget elementor-widget-shortcode\" data-id=\"321edc2\" data-element_type=\"widget\" data-e-type=\"widget\" data-widget_type=\"shortcode.default\">\n\t\t\t\t<div class=\"elementor-widget-container\">\n\t\t\t\t\t\t\t<div class=\"elementor-shortcode\">\r\n<\/div>\n\t\t\t\t\t\t<\/div>\n\t\t\t\t<\/div>\n\t\t\t\t<div class=\"elementor-element elementor-element-a98793d elementor-widget__width-auto elementor-absolute elementor-invisible elementor-widget elementor-widget-image\" data-id=\"a98793d\" data-element_type=\"widget\" data-e-type=\"widget\" data-settings=\"{&quot;_animation&quot;:&quot;fadeInLeft&quot;,&quot;_animation_delay&quot;:600,&quot;_position&quot;:&quot;absolute&quot;}\" data-widget_type=\"image.default\">\n\t\t\t\t<div class=\"elementor-widget-container\">\n\t\t\t\t\t\t\t\t\t\t\t\t\t\t\t<img decoding=\"async\" width=\"154\" height=\"155\" src=\"https:\/\/chirurgie-lyss.ch\/wp-content\/uploads\/2024\/02\/square-dots.png\" class=\"attachment-full size-full wp-image-351\" alt=\"\" srcset=\"https:\/\/chirurgie-lyss.ch\/wp-content\/uploads\/2024\/02\/square-dots.png 154w, https:\/\/chirurgie-lyss.ch\/wp-content\/uploads\/2024\/02\/square-dots-150x150.png 150w\" sizes=\"(max-width: 154px) 100vw, 154px\" \/>\t\t\t\t\t\t\t\t\t\t\t\t\t\t\t<\/div>\n\t\t\t\t<\/div>\n\t\t\t\t\t<\/div>\n\t\t<\/div>\n\t\t\t\t\t<\/div>\n\t\t<\/section>\n\t\t\t\t<\/div>\n\t\t","protected":false},"excerpt":{"rendered":"<p>Gr\u00e2ce \u00e0 ma large formation chirurgicale conform\u00e9ment au titre de formation approfondie \u00ab\u00a0Chirurgie g\u00e9n\u00e9rale et traumatologique\u00a0\u00bb, je propose des traitements pour les maladies suivantes : Hernies inguinales et cicatricielles Appendicite V\u00e9sicule biliaire Maladies intestinales (chirurgie du c\u00f4lon pour cancer et diverticulite) H\u00e9morro\u00efdes Veines variqueuses jambes ouvertes Op\u00e9rations de la main et des doigts (syndrome du [&hellip;]<\/p>\n","protected":false},"author":1,"featured_media":0,"parent":408,"menu_order":5,"comment_status":"closed","ping_status":"closed","template":"","meta":{"footnotes":""},"class_list":["post-411","page","type-page","status-publish","hentry"],"_links":{"self":[{"href":"https:\/\/chirurgie-lyss.ch\/fr\/wp-json\/wp\/v2\/pages\/411","targetHints":{"allow":["GET"]}}],"collection":[{"href":"https:\/\/chirurgie-lyss.ch\/fr\/wp-json\/wp\/v2\/pages"}],"about":[{"href":"https:\/\/chirurgie-lyss.ch\/fr\/wp-json\/wp\/v2\/types\/page"}],"author":[{"embeddable":true,"href":"https:\/\/chirurgie-lyss.ch\/fr\/wp-json\/wp\/v2\/users\/1"}],"replies":[{"embeddable":true,"href":"https:\/\/chirurgie-lyss.ch\/fr\/wp-json\/wp\/v2\/comments?post=411"}],"version-history":[{"count":4,"href":"https:\/\/chirurgie-lyss.ch\/fr\/wp-json\/wp\/v2\/pages\/411\/revisions"}],"predecessor-version":[{"id":792,"href":"https:\/\/chirurgie-lyss.ch\/fr\/wp-json\/wp\/v2\/pages\/411\/revisions\/792"}],"up":[{"embeddable":true,"href":"https:\/\/chirurgie-lyss.ch\/fr\/wp-json\/wp\/v2\/pages\/408"}],"wp:attachment":[{"href":"https:\/\/chirurgie-lyss.ch\/fr\/wp-json\/wp\/v2\/media?parent=411"}],"curies":[{"name":"wp","href":"https:\/\/api.w.org\/{rel}","templated":true}]}}