{"id":405,"date":"2024-02-13T21:32:22","date_gmt":"2024-02-13T20:32:22","guid":{"rendered":"https:\/\/chirurgie.webtrics.ch\/offre\/"},"modified":"2026-02-10T10:55:07","modified_gmt":"2026-02-10T09:55:07","slug":"offre","status":"publish","type":"page","link":"https:\/\/chirurgie-lyss.ch\/fr\/offre\/","title":{"rendered":"Offre"},"content":{"rendered":"\t\t<div data-elementor-type=\"wp-page\" data-elementor-id=\"405\" class=\"elementor elementor-405 elementor-150\" data-elementor-settings=\"{&quot;ha_cmc_init_switcher&quot;:&quot;no&quot;}\" data-elementor-post-type=\"page\">\n\t\t\t\t<div class=\"elementor-element elementor-element-8db01a5 e-flex e-con-boxed e-con e-parent\" data-id=\"8db01a5\" data-element_type=\"container\" data-e-type=\"container\" data-settings=\"{&quot;jet_parallax_layout_list&quot;:[],&quot;_ha_eqh_enable&quot;:false}\">\n\t\t\t\t\t<div class=\"e-con-inner\">\n\t\t\t\t<div class=\"elementor-element elementor-element-821df47 elementor-widget elementor-widget-heading\" data-id=\"821df47\" data-element_type=\"widget\" data-e-type=\"widget\" data-widget_type=\"heading.default\">\n\t\t\t\t<div class=\"elementor-widget-container\">\n\t\t\t\t\t<h2 class=\"elementor-heading-title elementor-size-default\">Notre offre<\/h2>\t\t\t\t<\/div>\n\t\t\t\t<\/div>\n\t\t\t\t<div class=\"elementor-element elementor-element-6e0258d elementor-widget elementor-widget-jet-posts\" data-id=\"6e0258d\" data-element_type=\"widget\" data-e-type=\"widget\" data-settings=\"{&quot;columns&quot;:&quot;3&quot;,&quot;columns_tablet&quot;:&quot;2&quot;,&quot;columns_mobile&quot;:&quot;1&quot;,&quot;slides_to_scroll&quot;:&quot;1&quot;}\" data-widget_type=\"jet-posts.default\">\n\t\t\t\t<div class=\"elementor-widget-container\">\n\t\t\t\t\t<div class=\"elementor-jet-posts jet-elements\"><div class=\"jet-posts col-row  jet-equal-cols\"><div class=\"jet-posts__item\">\n\t<div class=\"jet-posts__inner-box\"><div class=\"post-thumbnail\"><a href=\"https:\/\/chirurgie-lyss.ch\/fr\/non-classifiee\/operations-en-milieu-hospitalier\/\" class=\"post-thumbnail__link\"><img loading=\"lazy\" decoding=\"async\" class=\"post-thumbnail__img wp-post-image\" src=\"https:\/\/chirurgie-lyss.ch\/wp-content\/uploads\/2024\/02\/patient-having-an-operation.jpg\" alt=\"Op\u00e9rations en milieu hospitalier\" loading=\"lazy\" width=\"2000\" height=\"1335\"><\/a><\/div><div class=\"jet-posts__inner-content\"><h4 class=\"entry-title\"><a href=\"https:\/\/chirurgie-lyss.ch\/fr\/non-classifiee\/operations-en-milieu-hospitalier\/\" target=\"\">Op\u00e9rations en milieu hospitalier<\/a><\/h4><div class=\"jet-more-wrap\"><a href=\"https:\/\/chirurgie-lyss.ch\/fr\/non-classifiee\/operations-en-milieu-hospitalier\/\" class=\"btn btn-primary elementor-button elementor-size-md jet-more\" target=\"\"><span class=\"btn__text\">lire plus<\/span><\/a><\/div><\/div><\/div>\n<\/div>\n<div class=\"jet-posts__item\">\n\t<div class=\"jet-posts__inner-box\"><div class=\"post-thumbnail\"><a href=\"https:\/\/chirurgie-lyss.ch\/fr\/non-classifiee\/operations-en-ambulatoire\/\" class=\"post-thumbnail__link\"><img loading=\"lazy\" decoding=\"async\" class=\"post-thumbnail__img wp-post-image\" src=\"https:\/\/chirurgie-lyss.ch\/wp-content\/uploads\/2024\/02\/young-nurse-visiting-elderly-patient-at-home.jpg\" alt=\"Op\u00e9rations en ambulatoire\" loading=\"lazy\" width=\"2000\" height=\"1333\"><\/a><\/div><div class=\"jet-posts__inner-content\"><h4 class=\"entry-title\"><a href=\"https:\/\/chirurgie-lyss.ch\/fr\/non-classifiee\/operations-en-ambulatoire\/\" target=\"\">Op\u00e9rations en ambulatoire<\/a><\/h4><div class=\"jet-more-wrap\"><a href=\"https:\/\/chirurgie-lyss.ch\/fr\/non-classifiee\/operations-en-ambulatoire\/\" class=\"btn btn-primary elementor-button elementor-size-md jet-more\" target=\"\"><span class=\"btn__text\">lire plus<\/span><\/a><\/div><\/div><\/div>\n<\/div>\n<div class=\"jet-posts__item\">\n\t<div class=\"jet-posts__inner-box\"><div class=\"post-thumbnail\"><a href=\"https:\/\/chirurgie-lyss.ch\/fr\/non-classifiee\/heures-de-consultation\/\" class=\"post-thumbnail__link\"><img loading=\"lazy\" decoding=\"async\" class=\"post-thumbnail__img wp-post-image\" src=\"https:\/\/chirurgie-lyss.ch\/wp-content\/uploads\/2024\/02\/the-patient-sits-with-the-doctor-at-the-consultation-and-the-doctor-writes-a-prescription.jpg\" alt=\"Heures de consultation\" loading=\"lazy\" width=\"2000\" height=\"1331\"><\/a><\/div><div class=\"jet-posts__inner-content\"><h4 class=\"entry-title\"><a href=\"https:\/\/chirurgie-lyss.ch\/fr\/non-classifiee\/heures-de-consultation\/\" target=\"\">Heures de consultation<\/a><\/h4><div class=\"jet-more-wrap\"><a href=\"https:\/\/chirurgie-lyss.ch\/fr\/non-classifiee\/heures-de-consultation\/\" class=\"btn btn-primary elementor-button elementor-size-md jet-more\" target=\"\"><span class=\"btn__text\">lire plus<\/span><\/a><\/div><\/div><\/div>\n<\/div>\n<\/div>\n<\/div>\t\t\t\t<\/div>\n\t\t\t\t<\/div>\n\t\t\t\t\t<\/div>\n\t\t\t\t<\/div>\n\t\t<div class=\"elementor-element elementor-element-14432b9 e-flex e-con-boxed e-con e-parent\" data-id=\"14432b9\" data-element_type=\"container\" data-e-type=\"container\" data-settings=\"{&quot;jet_parallax_layout_list&quot;:[],&quot;_ha_eqh_enable&quot;:false}\">\n\t\t\t\t\t<div class=\"e-con-inner\">\n\t\t\t\t<div class=\"elementor-element elementor-element-4052b61 elementor-widget elementor-widget-heading\" data-id=\"4052b61\" data-element_type=\"widget\" data-e-type=\"widget\" data-widget_type=\"heading.default\">\n\t\t\t\t<div class=\"elementor-widget-container\">\n\t\t\t\t\t<h2 class=\"elementor-heading-title elementor-size-default\">Th\u00e8mes m\u00e9dicaux<\/h2>\t\t\t\t<\/div>\n\t\t\t\t<\/div>\n\t\t\t\t<div class=\"elementor-element elementor-element-dd15cf1 elementor-widget elementor-widget-jet-posts\" data-id=\"dd15cf1\" data-element_type=\"widget\" data-e-type=\"widget\" data-settings=\"{&quot;columns&quot;:&quot;3&quot;,&quot;columns_tablet&quot;:&quot;2&quot;,&quot;columns_mobile&quot;:&quot;1&quot;,&quot;slides_to_scroll&quot;:&quot;1&quot;}\" data-widget_type=\"jet-posts.default\">\n\t\t\t\t<div class=\"elementor-widget-container\">\n\t\t\t\t\t<div class=\"elementor-jet-posts jet-elements\"><div class=\"jet-posts col-row  jet-equal-cols\"><div class=\"jet-posts__item\">\n\t<div class=\"jet-posts__inner-box\"><div class=\"post-thumbnail\"><a href=\"https:\/\/chirurgie-lyss.ch\/fr\/informations-medicales\/hemorroides\/\" class=\"post-thumbnail__link\"><img loading=\"lazy\" decoding=\"async\" class=\"post-thumbnail__img wp-post-image\" src=\"https:\/\/chirurgie-lyss.ch\/wp-content\/uploads\/2024\/02\/concept-of-hemorrhoids-or-diarrhea.jpg\" alt=\"H\u00e9morro\u00efdes\" loading=\"lazy\" width=\"2000\" height=\"1350\"><\/a><\/div><div class=\"jet-posts__inner-content\"><h4 class=\"entry-title\"><a href=\"https:\/\/chirurgie-lyss.ch\/fr\/informations-medicales\/hemorroides\/\" target=\"\">H\u00e9morro\u00efdes<\/a><\/h4><div class=\"jet-more-wrap\"><a href=\"https:\/\/chirurgie-lyss.ch\/fr\/informations-medicales\/hemorroides\/\" class=\"btn btn-primary elementor-button elementor-size-md jet-more\" target=\"\"><span class=\"btn__text\">lire plus<\/span><\/a><\/div><\/div><\/div>\n<\/div>\n<\/div>\n<\/div>\t\t\t\t<\/div>\n\t\t\t\t<\/div>\n\t\t\t\t\t<\/div>\n\t\t\t\t<\/div>\n\t\t<div class=\"elementor-element elementor-element-1a52e2e e-flex e-con-boxed e-con e-parent\" data-id=\"1a52e2e\" data-element_type=\"container\" data-e-type=\"container\" data-settings=\"{&quot;jet_parallax_layout_list&quot;:[],&quot;_ha_eqh_enable&quot;:false}\">\n\t\t\t\t\t<div class=\"e-con-inner\">\n\t\t\t\t<div class=\"elementor-element elementor-element-d41d0ba elementor-widget elementor-widget-heading\" data-id=\"d41d0ba\" data-element_type=\"widget\" data-e-type=\"widget\" data-widget_type=\"heading.default\">\n\t\t\t\t<div class=\"elementor-widget-container\">\n\t\t\t\t\t<h2 class=\"elementor-heading-title elementor-size-default\">MIC - Chirurgie mini-invasive<\/h2>\t\t\t\t<\/div>\n\t\t\t\t<\/div>\n\t\t\t\t<div class=\"elementor-element elementor-element-d4d9263 elementor-widget elementor-widget-jet-posts\" data-id=\"d4d9263\" data-element_type=\"widget\" data-e-type=\"widget\" data-settings=\"{&quot;columns&quot;:&quot;3&quot;,&quot;columns_tablet&quot;:&quot;2&quot;,&quot;columns_mobile&quot;:&quot;1&quot;,&quot;slides_to_scroll&quot;:&quot;1&quot;}\" data-widget_type=\"jet-posts.default\">\n\t\t\t\t<div class=\"elementor-widget-container\">\n\t\t\t\t\t<div class=\"elementor-jet-posts jet-elements\"><div class=\"jet-posts col-row  jet-equal-cols\"><div class=\"jet-posts__item\">\n\t<div class=\"jet-posts__inner-box\"><div class=\"post-thumbnail\"><a href=\"https:\/\/chirurgie-lyss.ch\/fr\/mic-chirurgie-mini-invasive\/hernie-inguinale\/\" class=\"post-thumbnail__link\"><img loading=\"lazy\" decoding=\"async\" class=\"post-thumbnail__img wp-post-image\" src=\"https:\/\/chirurgie-lyss.ch\/wp-content\/uploads\/2024\/02\/dressing-the-wound.jpg\" alt=\"Hernie inguinale\" loading=\"lazy\" width=\"2000\" height=\"1333\"><\/a><\/div><div class=\"jet-posts__inner-content\"><h4 class=\"entry-title\"><a href=\"https:\/\/chirurgie-lyss.ch\/fr\/mic-chirurgie-mini-invasive\/hernie-inguinale\/\" target=\"\">Hernie inguinale<\/a><\/h4><div class=\"jet-more-wrap\"><a href=\"https:\/\/chirurgie-lyss.ch\/fr\/mic-chirurgie-mini-invasive\/hernie-inguinale\/\" class=\"btn btn-primary elementor-button elementor-size-md jet-more\" target=\"\"><span class=\"btn__text\">lire plus<\/span><\/a><\/div><\/div><\/div>\n<\/div>\n<div class=\"jet-posts__item\">\n\t<div class=\"jet-posts__inner-box\"><div class=\"post-thumbnail\"><a href=\"https:\/\/chirurgie-lyss.ch\/fr\/mic-chirurgie-mini-invasive\/operations-du-ventre\/\" class=\"post-thumbnail__link\"><img loading=\"lazy\" decoding=\"async\" class=\"post-thumbnail__img wp-post-image\" src=\"https:\/\/chirurgie-lyss.ch\/wp-content\/uploads\/2024\/02\/physicians-doing-surgery-work-in-operation-theater.jpg\" alt=\"Op\u00e9rations du ventre\" loading=\"lazy\" width=\"2000\" height=\"1333\"><\/a><\/div><div class=\"jet-posts__inner-content\"><h4 class=\"entry-title\"><a href=\"https:\/\/chirurgie-lyss.ch\/fr\/mic-chirurgie-mini-invasive\/operations-du-ventre\/\" target=\"\">Op\u00e9rations du ventre<\/a><\/h4><div class=\"jet-more-wrap\"><a href=\"https:\/\/chirurgie-lyss.ch\/fr\/mic-chirurgie-mini-invasive\/operations-du-ventre\/\" class=\"btn btn-primary elementor-button elementor-size-md jet-more\" target=\"\"><span class=\"btn__text\">lire plus<\/span><\/a><\/div><\/div><\/div>\n<\/div>\n<\/div>\n<\/div>\t\t\t\t<\/div>\n\t\t\t\t<\/div>\n\t\t\t\t\t<\/div>\n\t\t\t\t<\/div>\n\t\t\t\t<section class=\"elementor-section elementor-top-section elementor-element elementor-element-705a080b elementor-section-boxed elementor-section-height-default elementor-section-height-default\" data-id=\"705a080b\" data-element_type=\"section\" data-e-type=\"section\" data-settings=\"{&quot;jet_parallax_layout_list&quot;:[],&quot;_ha_eqh_enable&quot;:false}\">\n\t\t\t\t\t\t<div class=\"elementor-container elementor-column-gap-default\">\n\t\t\t\t\t<div class=\"elementor-column elementor-col-100 elementor-top-column elementor-element elementor-element-3a4fbdbd elementor-invisible\" data-id=\"3a4fbdbd\" data-element_type=\"column\" data-e-type=\"column\" data-settings=\"{&quot;animation&quot;:&quot;fadeInLeft&quot;,&quot;animation_delay&quot;:500}\">\n\t\t\t<div class=\"elementor-widget-wrap elementor-element-populated\">\n\t\t\t\t\t\t<div class=\"elementor-element elementor-element-3d18b02b elementor-widget__width-initial elementor-absolute ha-has-bg-overlay elementor-widget elementor-widget-text-editor\" data-id=\"3d18b02b\" data-element_type=\"widget\" data-e-type=\"widget\" data-settings=\"{&quot;_position&quot;:&quot;absolute&quot;}\" data-widget_type=\"text-editor.default\">\n\t\t\t\t<div class=\"elementor-widget-container\">\n\t\t\t\t\t\t\t\t\t<p>1<\/p>\t\t\t\t\t\t\t\t<\/div>\n\t\t\t\t<\/div>\n\t\t\t\t\t<\/div>\n\t\t<\/div>\n\t\t\t\t\t<\/div>\n\t\t<\/section>\n\t\t\t\t<\/div>\n\t\t","protected":false},"excerpt":{"rendered":"<p>Notre offre Operationen station\u00e4r lire plus Operationen ambulant lire plus Sprechstunden lire plus Th\u00e8mes m\u00e9dicaux H\u00e4morrhoiden lire plus MIC &#8211; Chirurgie mini-invasive Leistenbruch lire plus Bauch-Operationen lire plus Achillessehnenriss lire plus 1<\/p>\n","protected":false},"author":1,"featured_media":0,"parent":0,"menu_order":1,"comment_status":"closed","ping_status":"closed","template":"","meta":{"footnotes":""},"class_list":["post-405","page","type-page","status-publish","hentry"],"_links":{"self":[{"href":"https:\/\/chirurgie-lyss.ch\/fr\/wp-json\/wp\/v2\/pages\/405","targetHints":{"allow":["GET"]}}],"collection":[{"href":"https:\/\/chirurgie-lyss.ch\/fr\/wp-json\/wp\/v2\/pages"}],"about":[{"href":"https:\/\/chirurgie-lyss.ch\/fr\/wp-json\/wp\/v2\/types\/page"}],"author":[{"embeddable":true,"href":"https:\/\/chirurgie-lyss.ch\/fr\/wp-json\/wp\/v2\/users\/1"}],"replies":[{"embeddable":true,"href":"https:\/\/chirurgie-lyss.ch\/fr\/wp-json\/wp\/v2\/comments?post=405"}],"version-history":[{"count":13,"href":"https:\/\/chirurgie-lyss.ch\/fr\/wp-json\/wp\/v2\/pages\/405\/revisions"}],"predecessor-version":[{"id":940,"href":"https:\/\/chirurgie-lyss.ch\/fr\/wp-json\/wp\/v2\/pages\/405\/revisions\/940"}],"wp:attachment":[{"href":"https:\/\/chirurgie-lyss.ch\/fr\/wp-json\/wp\/v2\/media?parent=405"}],"curies":[{"name":"wp","href":"https:\/\/api.w.org\/{rel}","templated":true}]}}